{"id":1760,"date":"2018-10-08T16:33:46","date_gmt":"2018-10-08T14:33:46","guid":{"rendered":"http:\/\/tvp.preither-garde.de\/?page_id=1760"},"modified":"2019-08-09T16:41:00","modified_gmt":"2019-08-09T14:41:00","slug":"2018-pension-schaller","status":"publish","type":"page","link":"https:\/\/tvp.preither-garde.de\/?page_id=1760","title":{"rendered":"2018 &#8211; Pension Schaller"},"content":{"rendered":"<p>Unsere Adaption des Klassikers &#8222;Pension Sch\u00f6ller&#8220; nach der Idee von Wilhelm Jacoby pr\u00e4sentiert eine bunte F\u00fclle schauspielerischer und musikalischer Leckerbissen: Die skurilen Ideen des ehemaligen Landwirts Joseph Hallberger f\u00fchren die absonderlichsten Typen zusammen &#8211; eine Soiree in der Irrenanstalt nimmt ihren Lauf, das Chaos h\u00e4lt Einzug in die &#8222;heile Welt&#8220; und die Musik der 60ger bringt das Pfarrhaus zum Brodeln. Der \u00bbSchwank der Schw\u00e4nke\u00ab geh\u00f6rt seit seiner Urauff\u00fchrung 1890 zu den kom\u00f6diantischen Dauerbrennern. Carl Laufs und Wilhelm Jakoby &#8211; beide Pr\u00e4sidenten im Mainzer Carneval-Verein &#8211; \u00bbstellen mit ihrem St\u00fcck die Welt auf den Kopf und spielen lustvoll mit der Erkenntnis, dass die Grenze zwischen Normalit\u00e4t und Wahnsinn letztlich nur eine Frage der Perspektive ist\u00ab.<\/p>\n<p><strong>nach einer Vorlage von Dieter Fischer und Tobias Siebert<br \/>\nFrei nach der Posse &#8222;Pension Sch\u00f6ller&#8220; von Carl Laufs und der Idee von Wilhelm Jacoby<\/strong><br \/>\n&nbsp;<br \/>\n&nbsp;<br \/>\n&nbsp;<br \/>\n&nbsp;<\/p>\n<h3><span style=\"color: #993366;\">Personen und Darsteller<\/span><\/h3>\n<pre><span style=\"color: #000000;\">Joseph Hallberger...................Herbert Bauch\nEhem. Landwirt, Rentier\n\nCenta Hallberger....................Lina Bauer\nSeine Schwester\n\nAlbert Hallberger...................Korbinian Bauch\nSein Neffe\n\nLeo Reisinger.......................Manfred Bittl\nAbenteurer\n\nCilli Gro\u00df-Glockner.................Gabriele Pfaller\nHeimatautorin\n\nOberst von Schlag...................Michael Schneider\nOberst au\u00dfer Dienst\n\nPauline Schaller....................Renate Ferstl\nPensionsbesitzerin, ehem. Operettens\u00e4ngerin\n\nElisabeth Schaller..................Christine Hajak\nIhre Tochter\n\nWilhelm Schaller....................Ferdinand Margraf\nIhr Neffe, angehender Schauspieler<\/span><\/pre>\n<pre><span style=\"color: #000000;\">Assistenz...........................Katharina Bauch, Frank Schneider\nMaske...............................Evi Hirschbeck, Anita Eder, Melanie Zangerle, Karin Wutzer\nB\u00fchne...............................Rainer, Helmut &amp; Team\nTechnik.............................Thomas Kolb\nMusik...............................Crazy Teddy Boys<\/span><\/pre>\n<pre><span style=\"color: #000000;\">Regie...............................Stephan Gabler<\/span><\/pre>\nngg_shortcode_0_placeholder\n","protected":false},"excerpt":{"rendered":"<p>Unsere Adaption des Klassikers &#8222;Pension Sch\u00f6ller&#8220; nach der Idee von Wilhelm Jacoby pr\u00e4sentiert eine bunte F\u00fclle schauspielerischer und musikalischer Leckerbissen: Die skurilen Ideen des ehemaligen Landwirts Joseph Hallberger f\u00fchren die &#8230;<\/p>\n","protected":false},"author":1,"featured_media":0,"parent":0,"menu_order":0,"comment_status":"closed","ping_status":"closed","template":"","meta":{"ngg_post_thumbnail":0,"jetpack_post_was_ever_published":false,"footnotes":""},"class_list":["post-1760","page","type-page","status-publish","hentry"],"jetpack_sharing_enabled":true,"jetpack_shortlink":"https:\/\/wp.me\/Pal68w-so","jetpack-related-posts":[],"_links":{"self":[{"href":"https:\/\/tvp.preither-garde.de\/index.php?rest_route=\/wp\/v2\/pages\/1760","targetHints":{"allow":["GET"]}}],"collection":[{"href":"https:\/\/tvp.preither-garde.de\/index.php?rest_route=\/wp\/v2\/pages"}],"about":[{"href":"https:\/\/tvp.preither-garde.de\/index.php?rest_route=\/wp\/v2\/types\/page"}],"author":[{"embeddable":true,"href":"https:\/\/tvp.preither-garde.de\/index.php?rest_route=\/wp\/v2\/users\/1"}],"replies":[{"embeddable":true,"href":"https:\/\/tvp.preither-garde.de\/index.php?rest_route=%2Fwp%2Fv2%2Fcomments&post=1760"}],"version-history":[{"count":18,"href":"https:\/\/tvp.preither-garde.de\/index.php?rest_route=\/wp\/v2\/pages\/1760\/revisions"}],"predecessor-version":[{"id":1942,"href":"https:\/\/tvp.preither-garde.de\/index.php?rest_route=\/wp\/v2\/pages\/1760\/revisions\/1942"}],"wp:attachment":[{"href":"https:\/\/tvp.preither-garde.de\/index.php?rest_route=%2Fwp%2Fv2%2Fmedia&parent=1760"}],"curies":[{"name":"wp","href":"https:\/\/api.w.org\/{rel}","templated":true}]}}