{"id":1634,"date":"2017-11-04T21:16:00","date_gmt":"2017-11-04T20:16:00","guid":{"rendered":"http:\/\/tvp.preither-garde.de\/?page_id=1634"},"modified":"2017-11-04T21:17:57","modified_gmt":"2017-11-04T20:17:57","slug":"2017-jeda-varroud-jedn","status":"publish","type":"page","link":"https:\/\/tvp.preither-garde.de\/?page_id=1634","title":{"rendered":"2017 &#8211; Jeda varroud Jedn"},"content":{"rendered":"<p>Eine Groteske zur Erinnerung an den fast vergessenen Brauch des Haberfeldtreibens!<\/p>\n<p>An eine fast vergessene bayerische Tradition wollen wir mit unserem 28. St\u00fcck erinnern:<br \/>\nDas Haberfeldtreiben.<\/p>\n<p>Georg Maier, Autor des St\u00fcckes und gleichzeitig Regisseur und Kopf der legend\u00e4ren M\u00fcnchner Iberl-B\u00fchne schuf eine Vorlage, die ihresgleichen sucht. Die Remineszenz an eine ureigene bayerische Tradition aus der Zeit vor 1900, verk\u00f6rpert in kantigen Figuren mit einer herausfordernden und mitreisenden Dialogf\u00fchrung. Das St\u00fcck ist Anspruch und Spannung zugleich \u2013 f\u00fcr Spieler, Regie und Publikum. Und eines m\u00f6chten wir uns und Euch allen auch diesmal bieten:<br \/>\nEin Theatervergn\u00fcgen \u201epar excellence\u201c.<\/p>\n<p><strong>von Georg Maier<\/strong><\/p>\n","protected":false},"excerpt":{"rendered":"<p>Eine Groteske zur Erinnerung an den fast vergessenen Brauch des Haberfeldtreibens! An eine fast vergessene bayerische Tradition wollen wir mit unserem 28. St\u00fcck erinnern: Das Haberfeldtreiben. Georg Maier, Autor des &#8230;<\/p>\n","protected":false},"author":1,"featured_media":0,"parent":0,"menu_order":0,"comment_status":"closed","ping_status":"closed","template":"","meta":{"ngg_post_thumbnail":0,"jetpack_post_was_ever_published":false,"footnotes":""},"class_list":["post-1634","page","type-page","status-publish","hentry"],"jetpack_sharing_enabled":true,"jetpack_shortlink":"https:\/\/wp.me\/Pal68w-qm","jetpack-related-posts":[],"_links":{"self":[{"href":"https:\/\/tvp.preither-garde.de\/index.php?rest_route=\/wp\/v2\/pages\/1634","targetHints":{"allow":["GET"]}}],"collection":[{"href":"https:\/\/tvp.preither-garde.de\/index.php?rest_route=\/wp\/v2\/pages"}],"about":[{"href":"https:\/\/tvp.preither-garde.de\/index.php?rest_route=\/wp\/v2\/types\/page"}],"author":[{"embeddable":true,"href":"https:\/\/tvp.preither-garde.de\/index.php?rest_route=\/wp\/v2\/users\/1"}],"replies":[{"embeddable":true,"href":"https:\/\/tvp.preither-garde.de\/index.php?rest_route=%2Fwp%2Fv2%2Fcomments&post=1634"}],"version-history":[{"count":3,"href":"https:\/\/tvp.preither-garde.de\/index.php?rest_route=\/wp\/v2\/pages\/1634\/revisions"}],"predecessor-version":[{"id":1638,"href":"https:\/\/tvp.preither-garde.de\/index.php?rest_route=\/wp\/v2\/pages\/1634\/revisions\/1638"}],"wp:attachment":[{"href":"https:\/\/tvp.preither-garde.de\/index.php?rest_route=%2Fwp%2Fv2%2Fmedia&parent=1634"}],"curies":[{"name":"wp","href":"https:\/\/api.w.org\/{rel}","templated":true}]}}