{"id":1344,"date":"2016-08-28T20:57:26","date_gmt":"2016-08-28T18:57:26","guid":{"rendered":"http:\/\/tvp.preither-garde.de\/?page_id=1344"},"modified":"2016-10-08T19:05:23","modified_gmt":"2016-10-08T17:05:23","slug":"1988-das-rotseidene-hoeserl","status":"publish","type":"page","link":"https:\/\/tvp.preither-garde.de\/?page_id=1344","title":{"rendered":"1988 &#8211; Das rotseidene H\u00f6serl"},"content":{"rendered":"<p>\nWas hat dieses omin\u00f6se, rotseidene H\u00f6serl einer attraktiven, jungen Dame in der Rocktasche des Herrn Pfarrer zu suchen? Verst\u00e4ndlich, da\u00df das der Anfang von vielen Verwechslungen und Irrt\u00fcmern ist, bis seine Unschuld bewiesen werden kann.\n<\/p>\n<p><strong>von Josef Zeitler<\/strong><\/p>\n","protected":false},"excerpt":{"rendered":"<p>Was hat dieses omin\u00f6se, rotseidene H\u00f6serl einer attraktiven, jungen Dame in der Rocktasche des Herrn Pfarrer zu suchen? Verst\u00e4ndlich, da\u00df das der Anfang von vielen Verwechslungen und Irrt\u00fcmern ist, bis &#8230;<\/p>\n","protected":false},"author":1,"featured_media":0,"parent":0,"menu_order":0,"comment_status":"closed","ping_status":"closed","template":"","meta":{"ngg_post_thumbnail":0,"jetpack_post_was_ever_published":false,"footnotes":""},"class_list":["post-1344","page","type-page","status-publish","hentry"],"jetpack_sharing_enabled":true,"jetpack_shortlink":"https:\/\/wp.me\/Pal68w-lG","jetpack-related-posts":[],"_links":{"self":[{"href":"https:\/\/tvp.preither-garde.de\/index.php?rest_route=\/wp\/v2\/pages\/1344","targetHints":{"allow":["GET"]}}],"collection":[{"href":"https:\/\/tvp.preither-garde.de\/index.php?rest_route=\/wp\/v2\/pages"}],"about":[{"href":"https:\/\/tvp.preither-garde.de\/index.php?rest_route=\/wp\/v2\/types\/page"}],"author":[{"embeddable":true,"href":"https:\/\/tvp.preither-garde.de\/index.php?rest_route=\/wp\/v2\/users\/1"}],"replies":[{"embeddable":true,"href":"https:\/\/tvp.preither-garde.de\/index.php?rest_route=%2Fwp%2Fv2%2Fcomments&post=1344"}],"version-history":[{"count":1,"href":"https:\/\/tvp.preither-garde.de\/index.php?rest_route=\/wp\/v2\/pages\/1344\/revisions"}],"predecessor-version":[{"id":1345,"href":"https:\/\/tvp.preither-garde.de\/index.php?rest_route=\/wp\/v2\/pages\/1344\/revisions\/1345"}],"wp:attachment":[{"href":"https:\/\/tvp.preither-garde.de\/index.php?rest_route=%2Fwp%2Fv2%2Fmedia&parent=1344"}],"curies":[{"name":"wp","href":"https:\/\/api.w.org\/{rel}","templated":true}]}}