{"id":1342,"date":"2016-08-28T20:56:48","date_gmt":"2016-08-28T18:56:48","guid":{"rendered":"http:\/\/tvp.preither-garde.de\/?page_id=1342"},"modified":"2016-10-08T19:05:23","modified_gmt":"2016-10-08T17:05:23","slug":"1989-der-mitgift-jaeger","status":"publish","type":"page","link":"https:\/\/tvp.preither-garde.de\/?page_id=1342","title":{"rendered":"1989 &#8211; Der Mitgift-J\u00e4ger"},"content":{"rendered":"<p>\nVom Gl\u00fcck beg\u00fcnstigt sind die Eltern nicht, die zwei unsch\u00f6ne und nicht allzu gescheite T\u00f6chter haben. Trotzdem m\u00f6chten diese nat\u00fcrlich auch einen Mann. Als der Vater mit einer Annonce nachhelfen will, meldet sich Otto Moschus. Doch dieser scheint nur auf ein reiches Erbe aus zu sein. Doch mit Hilfe eines Freundes wird der &#8222;Br\u00e4utigam&#8220; buchst\u00e4blich auf`s Kreuz gelegt.\n<\/p>\n<p><strong>von Werner Ohnemus<\/strong><\/p>\n","protected":false},"excerpt":{"rendered":"<p>Vom Gl\u00fcck beg\u00fcnstigt sind die Eltern nicht, die zwei unsch\u00f6ne und nicht allzu gescheite T\u00f6chter haben. Trotzdem m\u00f6chten diese nat\u00fcrlich auch einen Mann. Als der Vater mit einer Annonce nachhelfen &#8230;<\/p>\n","protected":false},"author":1,"featured_media":0,"parent":0,"menu_order":0,"comment_status":"closed","ping_status":"closed","template":"","meta":{"ngg_post_thumbnail":0,"jetpack_post_was_ever_published":false,"footnotes":""},"class_list":["post-1342","page","type-page","status-publish","hentry"],"jetpack_sharing_enabled":true,"jetpack_shortlink":"https:\/\/wp.me\/Pal68w-lE","jetpack-related-posts":[],"_links":{"self":[{"href":"https:\/\/tvp.preither-garde.de\/index.php?rest_route=\/wp\/v2\/pages\/1342","targetHints":{"allow":["GET"]}}],"collection":[{"href":"https:\/\/tvp.preither-garde.de\/index.php?rest_route=\/wp\/v2\/pages"}],"about":[{"href":"https:\/\/tvp.preither-garde.de\/index.php?rest_route=\/wp\/v2\/types\/page"}],"author":[{"embeddable":true,"href":"https:\/\/tvp.preither-garde.de\/index.php?rest_route=\/wp\/v2\/users\/1"}],"replies":[{"embeddable":true,"href":"https:\/\/tvp.preither-garde.de\/index.php?rest_route=%2Fwp%2Fv2%2Fcomments&post=1342"}],"version-history":[{"count":1,"href":"https:\/\/tvp.preither-garde.de\/index.php?rest_route=\/wp\/v2\/pages\/1342\/revisions"}],"predecessor-version":[{"id":1343,"href":"https:\/\/tvp.preither-garde.de\/index.php?rest_route=\/wp\/v2\/pages\/1342\/revisions\/1343"}],"wp:attachment":[{"href":"https:\/\/tvp.preither-garde.de\/index.php?rest_route=%2Fwp%2Fv2%2Fmedia&parent=1342"}],"curies":[{"name":"wp","href":"https:\/\/api.w.org\/{rel}","templated":true}]}}