{"id":1340,"date":"2016-08-28T20:56:13","date_gmt":"2016-08-28T18:56:13","guid":{"rendered":"http:\/\/tvp.preither-garde.de\/?page_id=1340"},"modified":"2016-10-08T19:05:23","modified_gmt":"2016-10-08T17:05:23","slug":"1990-kurbetrieb-beim-kraeuterblasi","status":"publish","type":"page","link":"https:\/\/tvp.preither-garde.de\/?page_id=1340","title":{"rendered":"1990 &#8211; Kurbetrieb beim Kr\u00e4uterblasi"},"content":{"rendered":"<p>\nDas Geld reicht beim Holzknecht Blasi und seiner Frau Finni hinten und vorne nicht. Trotzdem nimmt Blasi, sehr zum Leidwesen seiner Frau, f\u00fcr die Kr\u00e4uter, die er im Wald sammelt und an die Kranken verteilt, kein Geld. Seine Frau bearbeitet ihn aber solange, bis er zum Schein einwilligt, einen richtigen &#8222;Kurbetrieb&#8220; aufzumachen. Kuriert wird aber in erster Linie seine Frau, die die unm\u00f6glichsten \u00dcbungen und &#8222;Anwendungen&#8220; \u00fcber sich ergehen lassen mu\u00df.\n<\/p>\n<p><strong>von Franz Schaurer<\/strong><\/p>\n","protected":false},"excerpt":{"rendered":"<p>Das Geld reicht beim Holzknecht Blasi und seiner Frau Finni hinten und vorne nicht. Trotzdem nimmt Blasi, sehr zum Leidwesen seiner Frau, f\u00fcr die Kr\u00e4uter, die er im Wald sammelt &#8230;<\/p>\n","protected":false},"author":1,"featured_media":0,"parent":0,"menu_order":0,"comment_status":"closed","ping_status":"closed","template":"","meta":{"ngg_post_thumbnail":0,"jetpack_post_was_ever_published":false,"footnotes":""},"class_list":["post-1340","page","type-page","status-publish","hentry"],"jetpack_sharing_enabled":true,"jetpack_shortlink":"https:\/\/wp.me\/Pal68w-lC","jetpack-related-posts":[],"_links":{"self":[{"href":"https:\/\/tvp.preither-garde.de\/index.php?rest_route=\/wp\/v2\/pages\/1340","targetHints":{"allow":["GET"]}}],"collection":[{"href":"https:\/\/tvp.preither-garde.de\/index.php?rest_route=\/wp\/v2\/pages"}],"about":[{"href":"https:\/\/tvp.preither-garde.de\/index.php?rest_route=\/wp\/v2\/types\/page"}],"author":[{"embeddable":true,"href":"https:\/\/tvp.preither-garde.de\/index.php?rest_route=\/wp\/v2\/users\/1"}],"replies":[{"embeddable":true,"href":"https:\/\/tvp.preither-garde.de\/index.php?rest_route=%2Fwp%2Fv2%2Fcomments&post=1340"}],"version-history":[{"count":1,"href":"https:\/\/tvp.preither-garde.de\/index.php?rest_route=\/wp\/v2\/pages\/1340\/revisions"}],"predecessor-version":[{"id":1341,"href":"https:\/\/tvp.preither-garde.de\/index.php?rest_route=\/wp\/v2\/pages\/1340\/revisions\/1341"}],"wp:attachment":[{"href":"https:\/\/tvp.preither-garde.de\/index.php?rest_route=%2Fwp%2Fv2%2Fmedia&parent=1340"}],"curies":[{"name":"wp","href":"https:\/\/api.w.org\/{rel}","templated":true}]}}