{"id":1338,"date":"2016-08-28T20:55:39","date_gmt":"2016-08-28T18:55:39","guid":{"rendered":"http:\/\/tvp.preither-garde.de\/?page_id=1338"},"modified":"2016-10-08T19:05:23","modified_gmt":"2016-10-08T17:05:23","slug":"1991-oaner-spinnt-immer","status":"publish","type":"page","link":"https:\/\/tvp.preither-garde.de\/?page_id=1338","title":{"rendered":"1991 &#8211; Oaner spinnt immer"},"content":{"rendered":"<p>\nDer B\u00fcrgermeister, der viel lieber Dirigent geworden w\u00e4re, liegt nach einem Unfall im Krankenhaus. Das Hausfaktotum Julie kommt, seitdem sie von ihrer kranken Tante wieder zur\u00fcck ist, mit ihrer Hausarbeit \u00fcberhaupt nicht mehr zurecht. Damit sie bei ihrem geliebten Spaghettieessen nicht st\u00e4ndig gest\u00f6rt wird, i\u00dft sie unter dem Tisch. Dabei belauscht sie zuf\u00e4llig ein Gaunerp\u00e4rchen, das den B\u00fcrgermeister betr\u00fcgen will. Ein Gl\u00fcck, da\u00df dieser f\u00fcr kurze Zeit sein Ged\u00e4chtnis verloren hat, so kann Julie alles in Ordnung bringen.\n<\/p>\n<p><strong>von Martin Fischer<\/strong><\/p>\n","protected":false},"excerpt":{"rendered":"<p>Der B\u00fcrgermeister, der viel lieber Dirigent geworden w\u00e4re, liegt nach einem Unfall im Krankenhaus. Das Hausfaktotum Julie kommt, seitdem sie von ihrer kranken Tante wieder zur\u00fcck ist, mit ihrer Hausarbeit &#8230;<\/p>\n","protected":false},"author":1,"featured_media":0,"parent":0,"menu_order":0,"comment_status":"closed","ping_status":"closed","template":"","meta":{"ngg_post_thumbnail":0,"footnotes":""},"class_list":["post-1338","page","type-page","status-publish","hentry"],"jetpack_sharing_enabled":true,"jetpack_shortlink":"https:\/\/wp.me\/Pal68w-lA","jetpack-related-posts":[],"_links":{"self":[{"href":"https:\/\/tvp.preither-garde.de\/index.php?rest_route=\/wp\/v2\/pages\/1338","targetHints":{"allow":["GET"]}}],"collection":[{"href":"https:\/\/tvp.preither-garde.de\/index.php?rest_route=\/wp\/v2\/pages"}],"about":[{"href":"https:\/\/tvp.preither-garde.de\/index.php?rest_route=\/wp\/v2\/types\/page"}],"author":[{"embeddable":true,"href":"https:\/\/tvp.preither-garde.de\/index.php?rest_route=\/wp\/v2\/users\/1"}],"replies":[{"embeddable":true,"href":"https:\/\/tvp.preither-garde.de\/index.php?rest_route=%2Fwp%2Fv2%2Fcomments&post=1338"}],"version-history":[{"count":1,"href":"https:\/\/tvp.preither-garde.de\/index.php?rest_route=\/wp\/v2\/pages\/1338\/revisions"}],"predecessor-version":[{"id":1339,"href":"https:\/\/tvp.preither-garde.de\/index.php?rest_route=\/wp\/v2\/pages\/1338\/revisions\/1339"}],"wp:attachment":[{"href":"https:\/\/tvp.preither-garde.de\/index.php?rest_route=%2Fwp%2Fv2%2Fmedia&parent=1338"}],"curies":[{"name":"wp","href":"https:\/\/api.w.org\/{rel}","templated":true}]}}