{"id":1336,"date":"2016-08-28T20:55:06","date_gmt":"2016-08-28T18:55:06","guid":{"rendered":"http:\/\/tvp.preither-garde.de\/?page_id=1336"},"modified":"2016-10-08T19:05:23","modified_gmt":"2016-10-08T17:05:23","slug":"1992-zwoa-harte-nuess","status":"publish","type":"page","link":"https:\/\/tvp.preither-garde.de\/?page_id=1336","title":{"rendered":"1992 &#8211; Zwoa harte N\u00fcss"},"content":{"rendered":"<p>\nWenn zwei Menschen nicht gerade mit Sch\u00f6nheit ausgestattet sind, ist es schwer, irgendwelche Reize am anderen zu erkennen. So geht es der Magd Mirzl und dem Knecht Loisl seit Jahren. Beide machen ihre Arbeit so gut und gr\u00fcndlich, da\u00df die kinderlosen Bauersleut die beiden gerne vereint s\u00e4hen. Erst als Mirzl von einem Feriengast mit den sch\u00f6nsten Liebesgedichten umworben wird, packt Loisl die Eifersucht. Der Poet hat jetzt nichts mehr zu lachen, aber ob Mirzl jetzt noch Interesse an einem einfachen Knecht hat?\n<\/p>\n<p><strong>von Ulla Kling<\/strong><\/p>\n","protected":false},"excerpt":{"rendered":"<p>Wenn zwei Menschen nicht gerade mit Sch\u00f6nheit ausgestattet sind, ist es schwer, irgendwelche Reize am anderen zu erkennen. So geht es der Magd Mirzl und dem Knecht Loisl seit Jahren. &#8230;<\/p>\n","protected":false},"author":1,"featured_media":0,"parent":0,"menu_order":0,"comment_status":"closed","ping_status":"closed","template":"","meta":{"ngg_post_thumbnail":0,"jetpack_post_was_ever_published":false,"footnotes":""},"class_list":["post-1336","page","type-page","status-publish","hentry"],"jetpack_sharing_enabled":true,"jetpack_shortlink":"https:\/\/wp.me\/Pal68w-ly","jetpack-related-posts":[],"_links":{"self":[{"href":"https:\/\/tvp.preither-garde.de\/index.php?rest_route=\/wp\/v2\/pages\/1336","targetHints":{"allow":["GET"]}}],"collection":[{"href":"https:\/\/tvp.preither-garde.de\/index.php?rest_route=\/wp\/v2\/pages"}],"about":[{"href":"https:\/\/tvp.preither-garde.de\/index.php?rest_route=\/wp\/v2\/types\/page"}],"author":[{"embeddable":true,"href":"https:\/\/tvp.preither-garde.de\/index.php?rest_route=\/wp\/v2\/users\/1"}],"replies":[{"embeddable":true,"href":"https:\/\/tvp.preither-garde.de\/index.php?rest_route=%2Fwp%2Fv2%2Fcomments&post=1336"}],"version-history":[{"count":1,"href":"https:\/\/tvp.preither-garde.de\/index.php?rest_route=\/wp\/v2\/pages\/1336\/revisions"}],"predecessor-version":[{"id":1337,"href":"https:\/\/tvp.preither-garde.de\/index.php?rest_route=\/wp\/v2\/pages\/1336\/revisions\/1337"}],"wp:attachment":[{"href":"https:\/\/tvp.preither-garde.de\/index.php?rest_route=%2Fwp%2Fv2%2Fmedia&parent=1336"}],"curies":[{"name":"wp","href":"https:\/\/api.w.org\/{rel}","templated":true}]}}