{"id":1334,"date":"2016-08-28T20:54:31","date_gmt":"2016-08-28T18:54:31","guid":{"rendered":"http:\/\/tvp.preither-garde.de\/?page_id=1334"},"modified":"2016-10-08T19:05:23","modified_gmt":"2016-10-08T17:05:23","slug":"1993-der-fidele-hausl","status":"publish","type":"page","link":"https:\/\/tvp.preither-garde.de\/?page_id=1334","title":{"rendered":"1993 &#8211; Der fidele Hausl"},"content":{"rendered":"<p>\nNikl ist der Hausl vom Gasthof Wetterfandl. Ihn kann gar nichts aus der Ruhe bringen. Selbst der alten, komischen Tante, dem naiven, jungen Liebespaar oder der kessen Biene, die mit einem reichen Holzh\u00e4ndler ein paar sch\u00f6ne Stunden verleben m\u00f6chte, jedem weist er seinen Platz zu. Sch\u00fctzend h\u00e4lt er seine Hand \u00fcber die junge Wirtin, der er heimlich den Gasthof vermacht hatte.\n<\/p>\n<p><strong>von Franz Schaurer<\/strong><\/p>\n","protected":false},"excerpt":{"rendered":"<p>Nikl ist der Hausl vom Gasthof Wetterfandl. Ihn kann gar nichts aus der Ruhe bringen. Selbst der alten, komischen Tante, dem naiven, jungen Liebespaar oder der kessen Biene, die mit &#8230;<\/p>\n","protected":false},"author":1,"featured_media":0,"parent":0,"menu_order":0,"comment_status":"closed","ping_status":"closed","template":"","meta":{"ngg_post_thumbnail":0,"jetpack_post_was_ever_published":false,"footnotes":""},"class_list":["post-1334","page","type-page","status-publish","hentry"],"jetpack_sharing_enabled":true,"jetpack_shortlink":"https:\/\/wp.me\/Pal68w-lw","jetpack-related-posts":[],"_links":{"self":[{"href":"https:\/\/tvp.preither-garde.de\/index.php?rest_route=\/wp\/v2\/pages\/1334","targetHints":{"allow":["GET"]}}],"collection":[{"href":"https:\/\/tvp.preither-garde.de\/index.php?rest_route=\/wp\/v2\/pages"}],"about":[{"href":"https:\/\/tvp.preither-garde.de\/index.php?rest_route=\/wp\/v2\/types\/page"}],"author":[{"embeddable":true,"href":"https:\/\/tvp.preither-garde.de\/index.php?rest_route=\/wp\/v2\/users\/1"}],"replies":[{"embeddable":true,"href":"https:\/\/tvp.preither-garde.de\/index.php?rest_route=%2Fwp%2Fv2%2Fcomments&post=1334"}],"version-history":[{"count":1,"href":"https:\/\/tvp.preither-garde.de\/index.php?rest_route=\/wp\/v2\/pages\/1334\/revisions"}],"predecessor-version":[{"id":1335,"href":"https:\/\/tvp.preither-garde.de\/index.php?rest_route=\/wp\/v2\/pages\/1334\/revisions\/1335"}],"wp:attachment":[{"href":"https:\/\/tvp.preither-garde.de\/index.php?rest_route=%2Fwp%2Fv2%2Fmedia&parent=1334"}],"curies":[{"name":"wp","href":"https:\/\/api.w.org\/{rel}","templated":true}]}}