{"id":1332,"date":"2016-08-28T20:53:54","date_gmt":"2016-08-28T18:53:54","guid":{"rendered":"http:\/\/tvp.preither-garde.de\/?page_id=1332"},"modified":"2016-10-08T19:05:23","modified_gmt":"2016-10-08T17:05:23","slug":"1994-der-mascara","status":"publish","type":"page","link":"https:\/\/tvp.preither-garde.de\/?page_id=1332","title":{"rendered":"1994 &#8211; Der Mascara"},"content":{"rendered":"<p>\nEin schweres Unwetter tobt \u00fcber einem Dorf. Die Dorfbewohner versammeln sich aus Angst in einer alten Schmiede, die hoch \u00fcber dem Dorf liegt. Da taucht pl\u00f6tzlich der Mascara, ein Hellseher, wie er sich selbst bezeichnet, auf. Geschickt n\u00fctzt der die Angst und stellt seine hellseherischen F\u00e4higkeiten bei den leichtgl\u00e4ubigen Dorfbewohnern unter Beweis. Er nistet sich im Dorf ein und erh\u00e4lt f\u00fcr seine Zukunftsdeutungen nicht nur zu essen und zu trinken, sondern auch das Ersparte. Die Einsicht, da\u00df der Mascara nur die Dummheit und Leichtgl\u00e4ubigkeit der Dorfbewohner ausgenutzt hat, kommt leider zu sp\u00e4t&#8230;\n<\/p>\n<p><strong>von Peter Landstorfer<\/strong><\/p>\n","protected":false},"excerpt":{"rendered":"<p>Ein schweres Unwetter tobt \u00fcber einem Dorf. Die Dorfbewohner versammeln sich aus Angst in einer alten Schmiede, die hoch \u00fcber dem Dorf liegt. Da taucht pl\u00f6tzlich der Mascara, ein Hellseher, &#8230;<\/p>\n","protected":false},"author":1,"featured_media":0,"parent":0,"menu_order":0,"comment_status":"closed","ping_status":"closed","template":"","meta":{"ngg_post_thumbnail":0,"footnotes":""},"class_list":["post-1332","page","type-page","status-publish","hentry"],"jetpack_sharing_enabled":true,"jetpack_shortlink":"https:\/\/wp.me\/Pal68w-lu","jetpack-related-posts":[],"_links":{"self":[{"href":"https:\/\/tvp.preither-garde.de\/index.php?rest_route=\/wp\/v2\/pages\/1332","targetHints":{"allow":["GET"]}}],"collection":[{"href":"https:\/\/tvp.preither-garde.de\/index.php?rest_route=\/wp\/v2\/pages"}],"about":[{"href":"https:\/\/tvp.preither-garde.de\/index.php?rest_route=\/wp\/v2\/types\/page"}],"author":[{"embeddable":true,"href":"https:\/\/tvp.preither-garde.de\/index.php?rest_route=\/wp\/v2\/users\/1"}],"replies":[{"embeddable":true,"href":"https:\/\/tvp.preither-garde.de\/index.php?rest_route=%2Fwp%2Fv2%2Fcomments&post=1332"}],"version-history":[{"count":1,"href":"https:\/\/tvp.preither-garde.de\/index.php?rest_route=\/wp\/v2\/pages\/1332\/revisions"}],"predecessor-version":[{"id":1333,"href":"https:\/\/tvp.preither-garde.de\/index.php?rest_route=\/wp\/v2\/pages\/1332\/revisions\/1333"}],"wp:attachment":[{"href":"https:\/\/tvp.preither-garde.de\/index.php?rest_route=%2Fwp%2Fv2%2Fmedia&parent=1332"}],"curies":[{"name":"wp","href":"https:\/\/api.w.org\/{rel}","templated":true}]}}