{"id":1326,"date":"2016-08-28T20:52:36","date_gmt":"2016-08-28T18:52:36","guid":{"rendered":"http:\/\/tvp.preither-garde.de\/?page_id=1326"},"modified":"2016-10-08T19:05:23","modified_gmt":"2016-10-08T17:05:23","slug":"1997-selaedrische","status":"publish","type":"page","link":"https:\/\/tvp.preither-garde.de\/?page_id=1326","title":{"rendered":"1997 &#8211; S`El\u00e4drische"},"content":{"rendered":"<p>\nAuf dem Ein\u00f6dhof beim Vorreitner steht die Einf\u00fchrung des Stroms und somit des elektrischen Lichts bevor. Alle am Hof sind schon in gro\u00dfer Erwartung, wei\u00df man ja gar nicht, wie alles funktioniert.<br \/>\nNur die Altb\u00e4uerin ist dagegen, mu\u00df doch ihre sch\u00f6ne alte Petroleumlampe einer h\u00e4\u00dflichen Gl\u00fchbirne weichen. Da\u00df damit auch die Gem\u00fctlichkeit verschwindet, begreifen alle sehr schnell, kann man doch jetzt mit dem elektrischen Licht Tag und Nacht arbeiten. Als dann auch noch ein sch\u00f6nes, lauschiges Sch\u00e4ferst\u00fcndchen zwischen Magd und Knecht am grellen Licht scheitert und im Streit endet, mu\u00df die Altb\u00e4uerin wieder zu ihrer alten bew\u00e4hrten Petroleumlampe greifen&#8230;\n<\/p>\n<p><strong>von Peter Landstorfer<\/strong><\/p>\n","protected":false},"excerpt":{"rendered":"<p>Auf dem Ein\u00f6dhof beim Vorreitner steht die Einf\u00fchrung des Stroms und somit des elektrischen Lichts bevor. Alle am Hof sind schon in gro\u00dfer Erwartung, wei\u00df man ja gar nicht, wie &#8230;<\/p>\n","protected":false},"author":1,"featured_media":0,"parent":0,"menu_order":0,"comment_status":"closed","ping_status":"closed","template":"","meta":{"ngg_post_thumbnail":0,"jetpack_post_was_ever_published":false,"footnotes":""},"class_list":["post-1326","page","type-page","status-publish","hentry"],"jetpack_sharing_enabled":true,"jetpack_shortlink":"https:\/\/wp.me\/Pal68w-lo","jetpack-related-posts":[],"_links":{"self":[{"href":"https:\/\/tvp.preither-garde.de\/index.php?rest_route=\/wp\/v2\/pages\/1326","targetHints":{"allow":["GET"]}}],"collection":[{"href":"https:\/\/tvp.preither-garde.de\/index.php?rest_route=\/wp\/v2\/pages"}],"about":[{"href":"https:\/\/tvp.preither-garde.de\/index.php?rest_route=\/wp\/v2\/types\/page"}],"author":[{"embeddable":true,"href":"https:\/\/tvp.preither-garde.de\/index.php?rest_route=\/wp\/v2\/users\/1"}],"replies":[{"embeddable":true,"href":"https:\/\/tvp.preither-garde.de\/index.php?rest_route=%2Fwp%2Fv2%2Fcomments&post=1326"}],"version-history":[{"count":1,"href":"https:\/\/tvp.preither-garde.de\/index.php?rest_route=\/wp\/v2\/pages\/1326\/revisions"}],"predecessor-version":[{"id":1327,"href":"https:\/\/tvp.preither-garde.de\/index.php?rest_route=\/wp\/v2\/pages\/1326\/revisions\/1327"}],"wp:attachment":[{"href":"https:\/\/tvp.preither-garde.de\/index.php?rest_route=%2Fwp%2Fv2%2Fmedia&parent=1326"}],"curies":[{"name":"wp","href":"https:\/\/api.w.org\/{rel}","templated":true}]}}