{"id":1324,"date":"2016-08-28T20:52:09","date_gmt":"2016-08-28T18:52:09","guid":{"rendered":"http:\/\/tvp.preither-garde.de\/?page_id=1324"},"modified":"2016-10-08T19:05:23","modified_gmt":"2016-10-08T17:05:23","slug":"1998-dwahllumpn","status":"publish","type":"page","link":"https:\/\/tvp.preither-garde.de\/?page_id=1324","title":{"rendered":"1998 &#8211; D`Wahllumpn"},"content":{"rendered":"<p>\nEine Gemeinde steht kurz vor der B\u00fcrgermeisterwahl. Der amtierende B\u00fcrgermeister kann seiner Wiederwahl getrost entgegensehen, denn es gibt keinen Gegenkandidaten. Dementsprechend schleppend f\u00fchrt er auch zusammen mit seinem Gemeindediener die Amtsgesch\u00e4fte. Doch pl\u00f6tzlich kommt alles ganz anders. Ein Neub\u00fcrger aus dem hohen Norden will sich dieses Treiben nicht l\u00e4nger mit ansehen. Geschickt bringt er die Frauen des Dorfes hinter sich und bewirbt sich f\u00fcr den B\u00fcrgermeistersposten. Ein hei\u00dfer Wahlkampf beginnt, der in einem ungleichen Rededuell gipfelt. Keiner kann sich seines Erfolges sicher sein, und so planen die jeweiligen Wahlhelfer, das Ergebnis in ihrem Sinn zu manipulieren.\n<\/p>\n<p><strong>von Peter Landstorfer<\/strong><\/p>\n","protected":false},"excerpt":{"rendered":"<p>Eine Gemeinde steht kurz vor der B\u00fcrgermeisterwahl. Der amtierende B\u00fcrgermeister kann seiner Wiederwahl getrost entgegensehen, denn es gibt keinen Gegenkandidaten. Dementsprechend schleppend f\u00fchrt er auch zusammen mit seinem Gemeindediener die &#8230;<\/p>\n","protected":false},"author":1,"featured_media":0,"parent":0,"menu_order":0,"comment_status":"closed","ping_status":"closed","template":"","meta":{"ngg_post_thumbnail":0,"jetpack_post_was_ever_published":false,"footnotes":""},"class_list":["post-1324","page","type-page","status-publish","hentry"],"jetpack_sharing_enabled":true,"jetpack_shortlink":"https:\/\/wp.me\/Pal68w-lm","jetpack-related-posts":[],"_links":{"self":[{"href":"https:\/\/tvp.preither-garde.de\/index.php?rest_route=\/wp\/v2\/pages\/1324","targetHints":{"allow":["GET"]}}],"collection":[{"href":"https:\/\/tvp.preither-garde.de\/index.php?rest_route=\/wp\/v2\/pages"}],"about":[{"href":"https:\/\/tvp.preither-garde.de\/index.php?rest_route=\/wp\/v2\/types\/page"}],"author":[{"embeddable":true,"href":"https:\/\/tvp.preither-garde.de\/index.php?rest_route=\/wp\/v2\/users\/1"}],"replies":[{"embeddable":true,"href":"https:\/\/tvp.preither-garde.de\/index.php?rest_route=%2Fwp%2Fv2%2Fcomments&post=1324"}],"version-history":[{"count":1,"href":"https:\/\/tvp.preither-garde.de\/index.php?rest_route=\/wp\/v2\/pages\/1324\/revisions"}],"predecessor-version":[{"id":1325,"href":"https:\/\/tvp.preither-garde.de\/index.php?rest_route=\/wp\/v2\/pages\/1324\/revisions\/1325"}],"wp:attachment":[{"href":"https:\/\/tvp.preither-garde.de\/index.php?rest_route=%2Fwp%2Fv2%2Fmedia&parent=1324"}],"curies":[{"name":"wp","href":"https:\/\/api.w.org\/{rel}","templated":true}]}}