{"id":1322,"date":"2016-08-28T20:51:40","date_gmt":"2016-08-28T18:51:40","guid":{"rendered":"http:\/\/tvp.preither-garde.de\/?page_id=1322"},"modified":"2016-10-08T19:05:23","modified_gmt":"2016-10-08T17:05:23","slug":"1999-theater","status":"publish","type":"page","link":"https:\/\/tvp.preither-garde.de\/?page_id=1322","title":{"rendered":"1999 &#8211; Theater"},"content":{"rendered":"<p>\nDie Theatergruppe eines Dorfes ist auf der Suche nach einem neuen Theaterst\u00fcck. Der Wirt und Regisseur Wallner hat sich von verschiedenen Verlagen St\u00fccke zur Auswahl kommen lassen. Heute soll beim ersten Treffen das neue St\u00fcck bekanntgegeben werden:<br \/>\n&#8222;Die grobe Zenz vo Dampfing&#8220;, ein richtiger Schenkelklopfer. Doch die Spieler sind mit der Auswahl nicht zufrieden, sie wollen einmal etwas Anspruchsvolles spielen. Man hat auch schon ein St\u00fcck im Sinn:<br \/>\n&#8222;Da Austrag&#8220;. Da man aber Wallner die Alleinregie f\u00fcr dieses St\u00fcck nicht zutraut, wird auch gleich ein Profiregisseur als &#8222;Regieassistent&#8220; engagiert. Es beginnt eine harte Probenzeit mit Streitereien und Eifers\u00fcchteleien, aber auch mit sehr viel Spa\u00df und Freude. Dann ist der Premierentag gekommen, der Vorhang \u00f6ffnet sich, aber bis er sich wieder schlie\u00dft, passiert so einiges hinter der B\u00fchne&#8230;\n<\/p>\n<p><strong>von Peter Landstorfer<\/strong><\/p>\n","protected":false},"excerpt":{"rendered":"<p>Die Theatergruppe eines Dorfes ist auf der Suche nach einem neuen Theaterst\u00fcck. Der Wirt und Regisseur Wallner hat sich von verschiedenen Verlagen St\u00fccke zur Auswahl kommen lassen. Heute soll beim &#8230;<\/p>\n","protected":false},"author":1,"featured_media":0,"parent":0,"menu_order":0,"comment_status":"closed","ping_status":"closed","template":"","meta":{"ngg_post_thumbnail":0,"footnotes":""},"class_list":["post-1322","page","type-page","status-publish","hentry"],"jetpack_sharing_enabled":true,"jetpack_shortlink":"https:\/\/wp.me\/Pal68w-lk","jetpack-related-posts":[],"_links":{"self":[{"href":"https:\/\/tvp.preither-garde.de\/index.php?rest_route=\/wp\/v2\/pages\/1322","targetHints":{"allow":["GET"]}}],"collection":[{"href":"https:\/\/tvp.preither-garde.de\/index.php?rest_route=\/wp\/v2\/pages"}],"about":[{"href":"https:\/\/tvp.preither-garde.de\/index.php?rest_route=\/wp\/v2\/types\/page"}],"author":[{"embeddable":true,"href":"https:\/\/tvp.preither-garde.de\/index.php?rest_route=\/wp\/v2\/users\/1"}],"replies":[{"embeddable":true,"href":"https:\/\/tvp.preither-garde.de\/index.php?rest_route=%2Fwp%2Fv2%2Fcomments&post=1322"}],"version-history":[{"count":1,"href":"https:\/\/tvp.preither-garde.de\/index.php?rest_route=\/wp\/v2\/pages\/1322\/revisions"}],"predecessor-version":[{"id":1323,"href":"https:\/\/tvp.preither-garde.de\/index.php?rest_route=\/wp\/v2\/pages\/1322\/revisions\/1323"}],"wp:attachment":[{"href":"https:\/\/tvp.preither-garde.de\/index.php?rest_route=%2Fwp%2Fv2%2Fmedia&parent=1322"}],"curies":[{"name":"wp","href":"https:\/\/api.w.org\/{rel}","templated":true}]}}