{"id":1320,"date":"2016-08-28T20:51:04","date_gmt":"2016-08-28T18:51:04","guid":{"rendered":"http:\/\/tvp.preither-garde.de\/?page_id=1320"},"modified":"2016-10-08T19:05:23","modified_gmt":"2016-10-08T17:05:23","slug":"2000-da-weltverdruss","status":"publish","type":"page","link":"https:\/\/tvp.preither-garde.de\/?page_id=1320","title":{"rendered":"2000 &#8211; Da Weltverdru\u00df"},"content":{"rendered":"<p>\nDie ungew\u00f6hnliche schauspielerische Adeligkeit eines armen Vagabunden bringt die Lebensweise seiner zuk\u00fcnftigen, \u00e4u\u00dferst spie\u00dfigen Schwiegereltern v\u00f6llig durcheinander.- Er wird von der Tochter des Hauses als &#8222;Freiherr von Weltverdru\u00df&#8220; in die Familie eingef\u00fchrt. Beim famili\u00e4ren Abendessen kommt es zu manch peinlicher Situation, die der Freiherr aber durch seine Adeligkeit gut vertuschen kann. Adel vepflichtet- die Schwiegereltern versuchen sich anzupassen und versuchen sich die ausgefallenen Manieren des Freiherrs zu eigen zu machen, ohne dabei zu merken, da\u00df alles nur eine Kom\u00f6die ist\n<\/p>\n<p><strong>von Peter Landstorfer<\/strong><\/p>\n","protected":false},"excerpt":{"rendered":"<p>Die ungew\u00f6hnliche schauspielerische Adeligkeit eines armen Vagabunden bringt die Lebensweise seiner zuk\u00fcnftigen, \u00e4u\u00dferst spie\u00dfigen Schwiegereltern v\u00f6llig durcheinander.- Er wird von der Tochter des Hauses als &#8222;Freiherr von Weltverdru\u00df&#8220; in die &#8230;<\/p>\n","protected":false},"author":1,"featured_media":0,"parent":0,"menu_order":0,"comment_status":"closed","ping_status":"closed","template":"","meta":{"ngg_post_thumbnail":0,"jetpack_post_was_ever_published":false,"footnotes":""},"class_list":["post-1320","page","type-page","status-publish","hentry"],"jetpack_sharing_enabled":true,"jetpack_shortlink":"https:\/\/wp.me\/Pal68w-li","jetpack-related-posts":[],"_links":{"self":[{"href":"https:\/\/tvp.preither-garde.de\/index.php?rest_route=\/wp\/v2\/pages\/1320","targetHints":{"allow":["GET"]}}],"collection":[{"href":"https:\/\/tvp.preither-garde.de\/index.php?rest_route=\/wp\/v2\/pages"}],"about":[{"href":"https:\/\/tvp.preither-garde.de\/index.php?rest_route=\/wp\/v2\/types\/page"}],"author":[{"embeddable":true,"href":"https:\/\/tvp.preither-garde.de\/index.php?rest_route=\/wp\/v2\/users\/1"}],"replies":[{"embeddable":true,"href":"https:\/\/tvp.preither-garde.de\/index.php?rest_route=%2Fwp%2Fv2%2Fcomments&post=1320"}],"version-history":[{"count":1,"href":"https:\/\/tvp.preither-garde.de\/index.php?rest_route=\/wp\/v2\/pages\/1320\/revisions"}],"predecessor-version":[{"id":1321,"href":"https:\/\/tvp.preither-garde.de\/index.php?rest_route=\/wp\/v2\/pages\/1320\/revisions\/1321"}],"wp:attachment":[{"href":"https:\/\/tvp.preither-garde.de\/index.php?rest_route=%2Fwp%2Fv2%2Fmedia&parent=1320"}],"curies":[{"name":"wp","href":"https:\/\/api.w.org\/{rel}","templated":true}]}}