{"id":1316,"date":"2016-08-28T20:49:51","date_gmt":"2016-08-28T18:49:51","guid":{"rendered":"http:\/\/tvp.preither-garde.de\/?page_id=1316"},"modified":"2016-10-08T19:05:23","modified_gmt":"2016-10-08T17:05:23","slug":"2002-a-kufern","status":"publish","type":"page","link":"https:\/\/tvp.preither-garde.de\/?page_id=1316","title":{"rendered":"2002 &#8211; A Kufern"},"content":{"rendered":"<p>\nWas macht eine kleine M\u00fcnchner Gangsterbande mit einem geklauten Koffer voller Geld? Dem &#8222;rechtm\u00e4\u00dfigen&#8220; Besitzer zur\u00fcckgeben &#8211; unvorstellbar &#8211; oder?! Was macht ein Politiker mit einem Koffer voller Schmiergeld? Er reinvestiert es in ein &#8222;Etablissement&#8220; &#8211; ist doch m\u00f6glich &#8211; oder? Was aber macht eine Waisenhausschwester in einem &#8222;Puff&#8220;, das es gar nicht gibt, das aber trotzdem gerade verkauft wird? Sie kassiert ab &#8211; ist unm\u00f6glich &#8211; oder? Am Ende ist alles m\u00f6glich, wenn auch vollkommen unvorstellbar und unvorhersehbar&#8230;\n<\/p>\n<p><strong>von Peter Landstorfer<\/strong><\/p>\n","protected":false},"excerpt":{"rendered":"<p>Was macht eine kleine M\u00fcnchner Gangsterbande mit einem geklauten Koffer voller Geld? Dem &#8222;rechtm\u00e4\u00dfigen&#8220; Besitzer zur\u00fcckgeben &#8211; unvorstellbar &#8211; oder?! Was macht ein Politiker mit einem Koffer voller Schmiergeld? Er &#8230;<\/p>\n","protected":false},"author":1,"featured_media":0,"parent":0,"menu_order":0,"comment_status":"closed","ping_status":"closed","template":"","meta":{"ngg_post_thumbnail":0,"footnotes":""},"class_list":["post-1316","page","type-page","status-publish","hentry"],"jetpack_sharing_enabled":true,"jetpack_shortlink":"https:\/\/wp.me\/Pal68w-le","jetpack-related-posts":[],"_links":{"self":[{"href":"https:\/\/tvp.preither-garde.de\/index.php?rest_route=\/wp\/v2\/pages\/1316","targetHints":{"allow":["GET"]}}],"collection":[{"href":"https:\/\/tvp.preither-garde.de\/index.php?rest_route=\/wp\/v2\/pages"}],"about":[{"href":"https:\/\/tvp.preither-garde.de\/index.php?rest_route=\/wp\/v2\/types\/page"}],"author":[{"embeddable":true,"href":"https:\/\/tvp.preither-garde.de\/index.php?rest_route=\/wp\/v2\/users\/1"}],"replies":[{"embeddable":true,"href":"https:\/\/tvp.preither-garde.de\/index.php?rest_route=%2Fwp%2Fv2%2Fcomments&post=1316"}],"version-history":[{"count":1,"href":"https:\/\/tvp.preither-garde.de\/index.php?rest_route=\/wp\/v2\/pages\/1316\/revisions"}],"predecessor-version":[{"id":1317,"href":"https:\/\/tvp.preither-garde.de\/index.php?rest_route=\/wp\/v2\/pages\/1316\/revisions\/1317"}],"wp:attachment":[{"href":"https:\/\/tvp.preither-garde.de\/index.php?rest_route=%2Fwp%2Fv2%2Fmedia&parent=1316"}],"curies":[{"name":"wp","href":"https:\/\/api.w.org\/{rel}","templated":true}]}}