{"id":1314,"date":"2016-08-28T20:49:17","date_gmt":"2016-08-28T18:49:17","guid":{"rendered":"http:\/\/tvp.preither-garde.de\/?page_id=1314"},"modified":"2016-10-08T19:05:23","modified_gmt":"2016-10-08T17:05:23","slug":"2003-umdraaht","status":"publish","type":"page","link":"https:\/\/tvp.preither-garde.de\/?page_id=1314","title":{"rendered":"2003 &#8211; Umdraaht"},"content":{"rendered":"<p>\nKeiner ist mit dem zufrieden, was er hat und was er ist. So beschlie\u00dft man, alles &#8222;umdraaht&#8220; zu machen. Aus der Wirtin wird eine Viehh\u00e4ndlerin, aus dem Krenweiberl eine Gerichtsschreiberin, die herrische Ehefrau wird duckm\u00e4userisch und aus dem Poeten und Maler wird ein Richter. Das Chaos ist vorprogrammiert, die erste Gerichtsverhandlung endet in einer Schl\u00e4gerei, die Gedichte des ehemaligen Richters klingen eher nach &#8222;poetischer Impotenz&#8220; und der frische Schweinsbraten liegt samt der Raine am Boden der Wirtschaft. Letztendlich muss jeder einsehen, dass die Rolle des anderen doch nicht so einfach ist, zumindest fast jeder\u2026\n<\/p>\n<p><strong>von Peter Landstorfer<\/strong><\/p>\n","protected":false},"excerpt":{"rendered":"<p>Keiner ist mit dem zufrieden, was er hat und was er ist. So beschlie\u00dft man, alles &#8222;umdraaht&#8220; zu machen. Aus der Wirtin wird eine Viehh\u00e4ndlerin, aus dem Krenweiberl eine Gerichtsschreiberin, &#8230;<\/p>\n","protected":false},"author":1,"featured_media":0,"parent":0,"menu_order":0,"comment_status":"closed","ping_status":"closed","template":"","meta":{"ngg_post_thumbnail":0,"jetpack_post_was_ever_published":false,"footnotes":""},"class_list":["post-1314","page","type-page","status-publish","hentry"],"jetpack_sharing_enabled":true,"jetpack_shortlink":"https:\/\/wp.me\/Pal68w-lc","jetpack-related-posts":[],"_links":{"self":[{"href":"https:\/\/tvp.preither-garde.de\/index.php?rest_route=\/wp\/v2\/pages\/1314","targetHints":{"allow":["GET"]}}],"collection":[{"href":"https:\/\/tvp.preither-garde.de\/index.php?rest_route=\/wp\/v2\/pages"}],"about":[{"href":"https:\/\/tvp.preither-garde.de\/index.php?rest_route=\/wp\/v2\/types\/page"}],"author":[{"embeddable":true,"href":"https:\/\/tvp.preither-garde.de\/index.php?rest_route=\/wp\/v2\/users\/1"}],"replies":[{"embeddable":true,"href":"https:\/\/tvp.preither-garde.de\/index.php?rest_route=%2Fwp%2Fv2%2Fcomments&post=1314"}],"version-history":[{"count":1,"href":"https:\/\/tvp.preither-garde.de\/index.php?rest_route=\/wp\/v2\/pages\/1314\/revisions"}],"predecessor-version":[{"id":1315,"href":"https:\/\/tvp.preither-garde.de\/index.php?rest_route=\/wp\/v2\/pages\/1314\/revisions\/1315"}],"wp:attachment":[{"href":"https:\/\/tvp.preither-garde.de\/index.php?rest_route=%2Fwp%2Fv2%2Fmedia&parent=1314"}],"curies":[{"name":"wp","href":"https:\/\/api.w.org\/{rel}","templated":true}]}}