{"id":1310,"date":"2016-08-28T20:48:00","date_gmt":"2016-08-28T18:48:00","guid":{"rendered":"http:\/\/tvp.preither-garde.de\/?page_id=1310"},"modified":"2016-10-08T19:05:23","modified_gmt":"2016-10-08T17:05:23","slug":"2005-da-roagaspitz","status":"publish","type":"page","link":"https:\/\/tvp.preither-garde.de\/?page_id=1310","title":{"rendered":"2005 &#8211; Da Roagaspitz"},"content":{"rendered":"<p>\nDer reiche M\u00fchllechner ist verstorben. In seinem Testament bestimmt er, dass sich seine drei Neffen die M\u00fchle, den Wald und das Geld teilen, w\u00e4hrend sein Pflegesohn Florian, der sich bis zuletzt um ihn gek\u00fcmmert hatte, nur seinen &#8222;Roagaspitz&#8220; erh\u00e4lt. Der Spott der drei Vettern ist gro\u00df. Doch bald wendet sich das Blatt, der &#8222;Roagaspitz&#8220; entpuppt sich zum Gl\u00fccksbringer. Der Spott wandelt sich in Neid und jeder der drei Vettern versucht auf seine Weise, an diesen Gl\u00fccksbringer zu kommen, zun\u00e4chst vergeblich. Als sie aber am Ende bereit sind, ihren jeweiligen Erbteil gegen den &#8222;Roagaspitz&#8220; zu tauschen, willigt Florian ein. Es zeigt sich letztendlich, wie umsichtig der M\u00fchllechner sein Testament abgefasst hatte.\n<\/p>\n<p><strong>von Peter Landstorfer<\/strong><\/p>\n","protected":false},"excerpt":{"rendered":"<p>Der reiche M\u00fchllechner ist verstorben. In seinem Testament bestimmt er, dass sich seine drei Neffen die M\u00fchle, den Wald und das Geld teilen, w\u00e4hrend sein Pflegesohn Florian, der sich bis &#8230;<\/p>\n","protected":false},"author":1,"featured_media":0,"parent":0,"menu_order":0,"comment_status":"closed","ping_status":"closed","template":"","meta":{"ngg_post_thumbnail":0,"jetpack_post_was_ever_published":false,"footnotes":""},"class_list":["post-1310","page","type-page","status-publish","hentry"],"jetpack_sharing_enabled":true,"jetpack_shortlink":"https:\/\/wp.me\/Pal68w-l8","jetpack-related-posts":[],"_links":{"self":[{"href":"https:\/\/tvp.preither-garde.de\/index.php?rest_route=\/wp\/v2\/pages\/1310","targetHints":{"allow":["GET"]}}],"collection":[{"href":"https:\/\/tvp.preither-garde.de\/index.php?rest_route=\/wp\/v2\/pages"}],"about":[{"href":"https:\/\/tvp.preither-garde.de\/index.php?rest_route=\/wp\/v2\/types\/page"}],"author":[{"embeddable":true,"href":"https:\/\/tvp.preither-garde.de\/index.php?rest_route=\/wp\/v2\/users\/1"}],"replies":[{"embeddable":true,"href":"https:\/\/tvp.preither-garde.de\/index.php?rest_route=%2Fwp%2Fv2%2Fcomments&post=1310"}],"version-history":[{"count":1,"href":"https:\/\/tvp.preither-garde.de\/index.php?rest_route=\/wp\/v2\/pages\/1310\/revisions"}],"predecessor-version":[{"id":1311,"href":"https:\/\/tvp.preither-garde.de\/index.php?rest_route=\/wp\/v2\/pages\/1310\/revisions\/1311"}],"wp:attachment":[{"href":"https:\/\/tvp.preither-garde.de\/index.php?rest_route=%2Fwp%2Fv2%2Fmedia&parent=1310"}],"curies":[{"name":"wp","href":"https:\/\/api.w.org\/{rel}","templated":true}]}}