{"id":1308,"date":"2016-08-28T20:46:49","date_gmt":"2016-08-28T18:46:49","guid":{"rendered":"http:\/\/tvp.preither-garde.de\/?page_id=1308"},"modified":"2016-10-08T19:05:23","modified_gmt":"2016-10-08T17:05:23","slug":"2006-das-lied-vom-wildschuetz-jennerwein","status":"publish","type":"page","link":"https:\/\/tvp.preither-garde.de\/?page_id=1308","title":{"rendered":"2006 &#8211; Das Lied vom Wildsch\u00fctz Jennerwein"},"content":{"rendered":"<p>\nBeim Wirt Hupfauf wird flei\u00dfig das Wildererst\u00fcck &#8222;Jennerwein&#8220; geprobt. Pl\u00f6tzlich wird aber aus dem Spiel blutiger Ernst. Es scheint, als w\u00fcrde sich der Meuchelmord vom Jennerwein noch einmal wiederholen. Im letzten Augenblick kann sich der Spieler &#8222;Jennerwein&#8220; noch retten und mit Agerl, einem Stodmadl fliehen.\n<\/p>\n<p><strong>von Iberlb\u00fchne<\/strong><\/p>\n","protected":false},"excerpt":{"rendered":"<p>Beim Wirt Hupfauf wird flei\u00dfig das Wildererst\u00fcck &#8222;Jennerwein&#8220; geprobt. Pl\u00f6tzlich wird aber aus dem Spiel blutiger Ernst. Es scheint, als w\u00fcrde sich der Meuchelmord vom Jennerwein noch einmal wiederholen. Im &#8230;<\/p>\n","protected":false},"author":1,"featured_media":0,"parent":0,"menu_order":0,"comment_status":"closed","ping_status":"closed","template":"","meta":{"ngg_post_thumbnail":0,"jetpack_post_was_ever_published":false,"footnotes":""},"class_list":["post-1308","page","type-page","status-publish","hentry"],"jetpack_sharing_enabled":true,"jetpack_shortlink":"https:\/\/wp.me\/Pal68w-l6","jetpack-related-posts":[],"_links":{"self":[{"href":"https:\/\/tvp.preither-garde.de\/index.php?rest_route=\/wp\/v2\/pages\/1308","targetHints":{"allow":["GET"]}}],"collection":[{"href":"https:\/\/tvp.preither-garde.de\/index.php?rest_route=\/wp\/v2\/pages"}],"about":[{"href":"https:\/\/tvp.preither-garde.de\/index.php?rest_route=\/wp\/v2\/types\/page"}],"author":[{"embeddable":true,"href":"https:\/\/tvp.preither-garde.de\/index.php?rest_route=\/wp\/v2\/users\/1"}],"replies":[{"embeddable":true,"href":"https:\/\/tvp.preither-garde.de\/index.php?rest_route=%2Fwp%2Fv2%2Fcomments&post=1308"}],"version-history":[{"count":1,"href":"https:\/\/tvp.preither-garde.de\/index.php?rest_route=\/wp\/v2\/pages\/1308\/revisions"}],"predecessor-version":[{"id":1309,"href":"https:\/\/tvp.preither-garde.de\/index.php?rest_route=\/wp\/v2\/pages\/1308\/revisions\/1309"}],"wp:attachment":[{"href":"https:\/\/tvp.preither-garde.de\/index.php?rest_route=%2Fwp%2Fv2%2Fmedia&parent=1308"}],"curies":[{"name":"wp","href":"https:\/\/api.w.org\/{rel}","templated":true}]}}