{"id":1306,"date":"2016-08-28T20:46:01","date_gmt":"2016-08-28T18:46:01","guid":{"rendered":"http:\/\/tvp.preither-garde.de\/?page_id=1306"},"modified":"2016-10-08T19:05:42","modified_gmt":"2016-10-08T17:05:42","slug":"2007-die-gwandlaus","status":"publish","type":"page","link":"https:\/\/tvp.preither-garde.de\/?page_id=1306","title":{"rendered":"2007 &#8211; Die Gwandlaus"},"content":{"rendered":"<p>\nDer honorige Br\u00e4u Johann Franz Xaver Gerstlinger ist ein im Ort sehr beliebter Mann. Nicht nur, dass er die Familientradition mit seiner \u00f6rtliche Brauerei weiterf\u00fchrt, er ist auch politisch als Abgeordneter t\u00e4tig und genie\u00dft allerseits hohes Ansehen. Nun stehen die Jubil\u00e4umsfeierlichkeiten zum 100 j\u00e4hrigen Bestehen der Gerstl-Brauerei an. Alles scheint nach Plan zu verlaufen, als pl\u00f6tzlich der ihm bisher unbekannte Verwandte Veithl Fuchsauser auftaucht und eine zun\u00e4chst harmlose Familienchronik auftischt. Doch sehr bald zeigt sich, dass Veithl gar nicht so harmlos und unbedarft ist, er deckt mehr und mehr dunkle Seiten in der Vergangenheit der Familie des Br\u00e4u auf. Nach und nach bohrt sich Veithl mit seinen Enth\u00fcllungen in das Gewissen von Gerstlinger und bringt die unglaublichsten Dinge ans Tageslicht. Der Ehrenmann Gerstlinger beginnt zu wanken, doch wird er auch fallen&#8230;?\n<\/p>\n<p><strong>von Peter Landstorfer<\/strong><\/p \n\n","protected":false},"excerpt":{"rendered":"<p>Der honorige Br\u00e4u Johann Franz Xaver Gerstlinger ist ein im Ort sehr beliebter Mann. Nicht nur, dass er die Familientradition mit seiner \u00f6rtliche Brauerei weiterf\u00fchrt, er ist auch politisch als &#8230;<\/p>\n","protected":false},"author":1,"featured_media":0,"parent":0,"menu_order":0,"comment_status":"closed","ping_status":"closed","template":"","meta":{"ngg_post_thumbnail":0,"footnotes":""},"class_list":["post-1306","page","type-page","status-publish","hentry"],"jetpack_sharing_enabled":true,"jetpack_shortlink":"https:\/\/wp.me\/Pal68w-l4","jetpack-related-posts":[],"_links":{"self":[{"href":"https:\/\/tvp.preither-garde.de\/index.php?rest_route=\/wp\/v2\/pages\/1306","targetHints":{"allow":["GET"]}}],"collection":[{"href":"https:\/\/tvp.preither-garde.de\/index.php?rest_route=\/wp\/v2\/pages"}],"about":[{"href":"https:\/\/tvp.preither-garde.de\/index.php?rest_route=\/wp\/v2\/types\/page"}],"author":[{"embeddable":true,"href":"https:\/\/tvp.preither-garde.de\/index.php?rest_route=\/wp\/v2\/users\/1"}],"replies":[{"embeddable":true,"href":"https:\/\/tvp.preither-garde.de\/index.php?rest_route=%2Fwp%2Fv2%2Fcomments&post=1306"}],"version-history":[{"count":1,"href":"https:\/\/tvp.preither-garde.de\/index.php?rest_route=\/wp\/v2\/pages\/1306\/revisions"}],"predecessor-version":[{"id":1307,"href":"https:\/\/tvp.preither-garde.de\/index.php?rest_route=\/wp\/v2\/pages\/1306\/revisions\/1307"}],"wp:attachment":[{"href":"https:\/\/tvp.preither-garde.de\/index.php?rest_route=%2Fwp%2Fv2%2Fmedia&parent=1306"}],"curies":[{"name":"wp","href":"https:\/\/api.w.org\/{rel}","templated":true}]}}