{"id":1280,"date":"2016-08-28T19:35:14","date_gmt":"2016-08-28T17:35:14","guid":{"rendered":"http:\/\/tvp.preither-garde.de\/?page_id=1280"},"modified":"2019-05-12T17:44:14","modified_gmt":"2019-05-12T15:44:14","slug":"theaterstuecke","status":"publish","type":"page","link":"https:\/\/tvp.preither-garde.de\/?page_id=1280","title":{"rendered":"Theaterst\u00fccke"},"content":{"rendered":"<p><a class=\"fasc-button fasc-size-medium fasc-type-glossy fasc-rounded-medium\" style=\"background-color: #33809e; color: #ffffff;\" href=\"https:\/\/tvp.preither-garde.de\/?page_id=1346\">1987<\/a> <a class=\"fasc-button fasc-size-medium fasc-type-glossy fasc-rounded-medium\" style=\"background-color: #33809e; color: #ffffff;\" href=\"https:\/\/tvp.preither-garde.de\/?page_id=1344\">1988<\/a> <a class=\"fasc-button fasc-size-medium fasc-type-glossy fasc-rounded-medium\" style=\"background-color: #33809e; color: #ffffff;\" href=\"https:\/\/tvp.preither-garde.de\/?page_id=1342\">1989<\/a> <a class=\"fasc-button fasc-size-medium fasc-type-glossy fasc-rounded-medium\" style=\"background-color: #33809e; color: #ffffff;\" href=\"https:\/\/tvp.preither-garde.de\/?page_id=1340\">1990<\/a> <a class=\"fasc-button fasc-size-medium fasc-type-glossy fasc-rounded-medium\" style=\"background-color: #33809e; color: #ffffff;\" href=\"https:\/\/tvp.preither-garde.de\/?page_id=1338\">1991<\/a> <a class=\"fasc-button fasc-size-medium fasc-type-glossy fasc-rounded-medium\" style=\"background-color: #33809e; color: #ffffff;\" href=\"https:\/\/tvp.preither-garde.de\/?page_id=1336\">1992<\/a> <a class=\"fasc-button fasc-size-medium fasc-type-glossy fasc-rounded-medium\" style=\"background-color: #33809e; color: #ffffff;\" href=\"https:\/\/tvp.preither-garde.de\/?page_id=1334\">1993<\/a> <a class=\"fasc-button fasc-size-medium fasc-type-glossy fasc-rounded-medium\" style=\"background-color: #33809e; color: #ffffff;\" href=\"https:\/\/tvp.preither-garde.de\/?page_id=1332\">1994<\/a> <a class=\"fasc-button fasc-size-medium fasc-type-glossy fasc-rounded-medium\" style=\"background-color: #33809e; color: #ffffff;\" href=\"https:\/\/tvp.preither-garde.de\/?page_id=1330\">1995<\/a> <a class=\"fasc-button fasc-size-medium fasc-type-glossy fasc-rounded-medium\" style=\"background-color: #33809e; color: #ffffff;\" href=\"https:\/\/tvp.preither-garde.de\/?page_id=1328\">1996<\/a> <a class=\"fasc-button fasc-size-medium fasc-type-glossy fasc-rounded-medium\" style=\"background-color: #33809e; color: #ffffff;\" href=\"https:\/\/tvp.preither-garde.de\/?page_id=1326\">1997<\/a> <a class=\"fasc-button fasc-size-medium fasc-type-glossy fasc-rounded-medium\" style=\"background-color: #33809e; color: #ffffff;\" href=\"https:\/\/tvp.preither-garde.de\/?page_id=1324\">1998<\/a> <a class=\"fasc-button fasc-size-medium fasc-type-glossy fasc-rounded-medium\" style=\"background-color: #33809e; color: #ffffff;\" href=\"https:\/\/tvp.preither-garde.de\/?page_id=1322\">1999<\/a> <a class=\"fasc-button fasc-size-medium fasc-type-glossy fasc-rounded-medium\" style=\"background-color: #33809e; color: #ffffff;\" href=\"https:\/\/tvp.preither-garde.de\/?page_id=1320\">2000<\/a> <a class=\"fasc-button fasc-size-medium fasc-type-glossy fasc-rounded-medium\" style=\"background-color: #33809e; color: #ffffff;\" href=\"https:\/\/tvp.preither-garde.de\/?page_id=1318\">2001<\/a> <a class=\"fasc-button fasc-size-medium fasc-type-glossy fasc-rounded-medium\" style=\"background-color: #33809e; color: #ffffff;\" href=\"https:\/\/tvp.preither-garde.de\/?page_id=1316\">2002<\/a> <a class=\"fasc-button fasc-size-medium fasc-type-glossy fasc-rounded-medium\" style=\"background-color: #33809e; color: #ffffff;\" href=\"https:\/\/tvp.preither-garde.de\/?page_id=1314\">2003<\/a> <a class=\"fasc-button fasc-size-medium fasc-type-glossy fasc-rounded-medium\" style=\"background-color: #33809e; color: #ffffff;\" href=\"https:\/\/tvp.preither-garde.de\/?page_id=1312\">2004<\/a> <a class=\"fasc-button fasc-size-medium fasc-type-glossy fasc-rounded-medium\" style=\"background-color: #33809e; color: #ffffff;\" href=\"https:\/\/tvp.preither-garde.de\/?page_id=1310\">2005<\/a> <a class=\"fasc-button fasc-size-medium fasc-type-glossy fasc-rounded-medium\" style=\"background-color: #33809e; color: #ffffff;\" href=\"https:\/\/tvp.preither-garde.de\/?page_id=1308\">2006<\/a> <a class=\"fasc-button fasc-size-medium fasc-type-glossy fasc-rounded-medium\" style=\"background-color: #33809e; color: #ffffff;\" href=\"https:\/\/tvp.preither-garde.de\/?page_id=1306\">2007<\/a> <a class=\"fasc-button fasc-size-medium fasc-type-glossy fasc-rounded-medium\" style=\"background-color: #33809e; color: #ffffff;\" href=\"https:\/\/tvp.preither-garde.de\/?page_id=1303\">2008<\/a> <a class=\"fasc-button fasc-size-medium fasc-type-glossy fasc-rounded-medium\" style=\"background-color: #33809e; color: #ffffff;\" href=\"https:\/\/tvp.preither-garde.de\/?page_id=1249\">2009<\/a> <a class=\"fasc-button fasc-size-medium fasc-type-glossy fasc-rounded-medium\" style=\"background-color: #33809e; color: #ffffff;\" href=\"https:\/\/tvp.preither-garde.de\/?page_id=1253\">2011<\/a> <a class=\"fasc-button fasc-size-medium fasc-type-glossy fasc-rounded-medium\" style=\"background-color: #33809e; color: #ffffff;\" href=\"https:\/\/tvp.preither-garde.de\/?page_id=1255\">2012<\/a> <a class=\"fasc-button fasc-size-medium fasc-type-glossy fasc-rounded-medium\" style=\"background-color: #33809e; color: #ffffff;\" href=\"https:\/\/tvp.preither-garde.de\/\">2015<\/a> <a class=\"fasc-button fasc-size-medium fasc-type-glossy fasc-rounded-medium\" style=\"background-color: #33809e; color: #ffffff;\" href=\"https:\/\/tvp.preither-garde.de\/?page_id=1502\">2016<\/a> <a class=\"fasc-button fasc-size-medium fasc-type-glossy fasc-rounded-medium\" style=\"background-color: #33809e; color: #ffffff;\" href=\"https:\/\/tvp.preither-garde.de\/?page_id=1634\">2017<\/a> <a class=\"fasc-button fasc-size-medium fasc-type-glossy fasc-rounded-medium\" style=\"background-color: #33809e; color: #ffffff;\" href=\"https:\/\/tvp.preither-garde.de\/?page_id=1760\">2018<\/a><\/p>\n<h1><strong>A Leidenschaft&#8230;<\/strong><\/h1>\n<p><em>von Reni<\/em><\/p>\n<h4>A Bitzln und Zittern, vo de Zeha bis zu de Hoar, wia unta Hochspannung, so kumm i mi vor, i steh vor da T\u00fcr, es is dunkel um mi rum, ja mein Gott, i woi\u00df nemma, wann i drokumm!<\/h4>\n<h4>Mei Herzal des bumbert heram bis am Krogn, wenn i iatz da nousgeh, wos mou\u00df i blo\u00df sogn? Ganz feicht san die H\u00e4nd, und es waggln die Knia, i woi\u00df net &#8211; aber irgendwie is a glei wieda schia.<\/h4>\n<h4>Doch iatz brauch i a Textbouch, koi Wort fallt ma ei, mei Hirn, des is laar, diats doch grod wos nei! Schnell nomai lesn und a Schnapsla eigschenkt, glei is wieda bessa und iatz werd si ogstrengt.<\/h4>\n<h4>A weng a Puda auf d`Nosn und a Spritza Haarspray auf d`Birn, mei Gwand is in Ordnung, iatz konn nix mehr passiern. Dann griag i a Zeichn, es gibt koi zur\u00fcck, iatz mua\u00df i da naus und wos spuin in dem St\u00fcck.<\/h4>\n<h4>Zwoi Schritt und i bin draus und es geht wieda o, mei Herz des hantiert, hupft nauf und hupft ro. Auf oimal is staad und alle Leit schaugn auf mir, i denk mi, so red doch, die wartn auf dir.<\/h4>\n<h4>A weng zaghaft fang i o, doch als i des spann, da\u00df grod meine Worte ziagn die Leut in mein Bann, da\u00df auf d`H\u00e4nd schaugn, auf d`Haltung, mei Gsicht und di Augn, da fang i dann o, mir alls zuzumtraun.<\/h4>\n<h4>Da bin i nemma i, sondern der, den i sp\u00fc, denn die Leit sehgn mi so, die gebn mir dieses Gf\u00fch. Wega uns sans heint kumma, unsa St\u00fcck wolln sie sehgn, und i konn dazu beitrogn und konn alles gebn.<\/h4>\n<h4>I konn Kurzweil bereitn, Unterhaltung und Freid, konn alle mitf\u00fchln laoun, ob bei Frohsinn oder Leid, gib so manchen Gedanken mit hoim zum Sinniern, da Applaus is mei Lohn und des doud si rentiern.<\/h4>\n<h4>Denn die M\u00fchen des Spielers macht des alls wieda wett, ma vagi\u00dft, wos gwen is, des Theata f\u00fcr Gfredt. Und wenn da Vorhang zougeht, allersp\u00e4testens dann, wenn d `Anspannung ofallt, na d\u00e4mmerts oim irgendwann: Wos waar`s f\u00fcr uns Spieler ohne Publikum faad, wenn Stille im Saal waar und koina drunt hocka daad.<\/h4>\n<h4>Drum freit ma si \u00fcber jedn, der kummt und zouschaugt, weil ma woi\u00df, da drunt is wer, der gwi\u00df an oin glaubt. Und solche Gedanken und Gf\u00fchla, die macha des gwi\u00df,<\/h4>\n<h4>da\u00df des Theatersp\u00fcn scho irgendwie a Leidnschaft is !<\/h4>\n","protected":false},"excerpt":{"rendered":"<p>1987 1988 1989 1990 1991 1992 1993 1994 1995 1996 1997 1998 1999 2000 2001 2002 2003 2004 2005 2006 2007 2008 2009 2011 2012 2015 2016 2017 2018 A &#8230;<\/p>\n","protected":false},"author":1,"featured_media":0,"parent":0,"menu_order":0,"comment_status":"closed","ping_status":"closed","template":"","meta":{"ngg_post_thumbnail":0,"jetpack_post_was_ever_published":false,"footnotes":""},"class_list":["post-1280","page","type-page","status-publish","hentry"],"jetpack_sharing_enabled":true,"jetpack_shortlink":"https:\/\/wp.me\/Pal68w-kE","jetpack-related-posts":[],"_links":{"self":[{"href":"https:\/\/tvp.preither-garde.de\/index.php?rest_route=\/wp\/v2\/pages\/1280","targetHints":{"allow":["GET"]}}],"collection":[{"href":"https:\/\/tvp.preither-garde.de\/index.php?rest_route=\/wp\/v2\/pages"}],"about":[{"href":"https:\/\/tvp.preither-garde.de\/index.php?rest_route=\/wp\/v2\/types\/page"}],"author":[{"embeddable":true,"href":"https:\/\/tvp.preither-garde.de\/index.php?rest_route=\/wp\/v2\/users\/1"}],"replies":[{"embeddable":true,"href":"https:\/\/tvp.preither-garde.de\/index.php?rest_route=%2Fwp%2Fv2%2Fcomments&post=1280"}],"version-history":[{"count":51,"href":"https:\/\/tvp.preither-garde.de\/index.php?rest_route=\/wp\/v2\/pages\/1280\/revisions"}],"predecessor-version":[{"id":1920,"href":"https:\/\/tvp.preither-garde.de\/index.php?rest_route=\/wp\/v2\/pages\/1280\/revisions\/1920"}],"wp:attachment":[{"href":"https:\/\/tvp.preither-garde.de\/index.php?rest_route=%2Fwp%2Fv2%2Fmedia&parent=1280"}],"curies":[{"name":"wp","href":"https:\/\/api.w.org\/{rel}","templated":true}]}}