{"id":1249,"date":"2016-08-28T18:58:30","date_gmt":"2016-08-28T16:58:30","guid":{"rendered":"http:\/\/tvp.preither-garde.de\/?page_id=1249"},"modified":"2016-10-08T19:05:42","modified_gmt":"2016-10-08T17:05:42","slug":"2009-wobbabaluba","status":"publish","type":"page","link":"https:\/\/tvp.preither-garde.de\/?page_id=1249","title":{"rendered":"2009 &#8211; Wobbabaluba"},"content":{"rendered":"<p>&#8222;Wob-baba-luba&#8220; spielt Ende der 50er Jahre in einem kleinem Friseursalon des M\u00fcnchner Stadtteils Neuhausen. Jeder Stadtteil hat zu dieser Zeit seine eigene &#8222;Blasn&#8220;. Der Petticoat ist genauso &#8222;in&#8220; wie die Jeans, Sakkos werden ebenso getragen wie Lederjacken. Man geht in den Zirkus Krone zum Catchen, aufs Oberwiesenfeld zu den Sandbahnrennen oder trifft sich einfach auf der Stra\u00dfe. Wer etwas auf sich h\u00e4lt, hat seinen eigenen &#8222;Hobel&#8220;, auf dem er zusammen mit einem &#8222;steilen Zahn&#8220; einen Ausritt ins M\u00fcnchner Umland macht. Zu dieser Zeit h\u00e4lt auch der Rock\u2019n\u2019Roll Einzug in den M\u00fcnchner Tanzlokalen. Doch nicht alle wollen diese neue, wilde Zeit mitmachen und so mancher muss sich unter dem Einfluss seiner Freunde in der Blasn anders geben als er eigentlich ist. Doch gerade das stellt so manche Freundschaft auf eine harte Probe und bringt Menschen statt zusammen immer weiter auseinander.<\/p>\n<p><strong>von Peter Landstorfer<\/strong><\/p>\n","protected":false},"excerpt":{"rendered":"<p>&#8222;Wob-baba-luba&#8220; spielt Ende der 50er Jahre in einem kleinem Friseursalon des M\u00fcnchner Stadtteils Neuhausen. Jeder Stadtteil hat zu dieser Zeit seine eigene &#8222;Blasn&#8220;. Der Petticoat ist genauso &#8222;in&#8220; wie die &#8230;<\/p>\n","protected":false},"author":1,"featured_media":0,"parent":0,"menu_order":0,"comment_status":"closed","ping_status":"closed","template":"","meta":{"ngg_post_thumbnail":0,"jetpack_post_was_ever_published":false,"footnotes":""},"class_list":["post-1249","page","type-page","status-publish","hentry"],"jetpack_sharing_enabled":true,"jetpack_shortlink":"https:\/\/wp.me\/Pal68w-k9","jetpack-related-posts":[],"_links":{"self":[{"href":"https:\/\/tvp.preither-garde.de\/index.php?rest_route=\/wp\/v2\/pages\/1249","targetHints":{"allow":["GET"]}}],"collection":[{"href":"https:\/\/tvp.preither-garde.de\/index.php?rest_route=\/wp\/v2\/pages"}],"about":[{"href":"https:\/\/tvp.preither-garde.de\/index.php?rest_route=\/wp\/v2\/types\/page"}],"author":[{"embeddable":true,"href":"https:\/\/tvp.preither-garde.de\/index.php?rest_route=\/wp\/v2\/users\/1"}],"replies":[{"embeddable":true,"href":"https:\/\/tvp.preither-garde.de\/index.php?rest_route=%2Fwp%2Fv2%2Fcomments&post=1249"}],"version-history":[{"count":4,"href":"https:\/\/tvp.preither-garde.de\/index.php?rest_route=\/wp\/v2\/pages\/1249\/revisions"}],"predecessor-version":[{"id":1278,"href":"https:\/\/tvp.preither-garde.de\/index.php?rest_route=\/wp\/v2\/pages\/1249\/revisions\/1278"}],"wp:attachment":[{"href":"https:\/\/tvp.preither-garde.de\/index.php?rest_route=%2Fwp%2Fv2%2Fmedia&parent=1249"}],"curies":[{"name":"wp","href":"https:\/\/api.w.org\/{rel}","templated":true}]}}